{"id":114,"date":"2022-08-04T06:39:12","date_gmt":"2022-08-04T04:39:12","guid":{"rendered":"https:\/\/www.zumstoeger.at\/?page_id=114"},"modified":"2026-05-05T15:11:00","modified_gmt":"2026-05-05T13:11:00","slug":"reservierung-kontakt","status":"publish","type":"page","link":"https:\/\/www.zumstoeger.at\/it\/reservierung-kontakt\/","title":{"rendered":"Prenotazione e contatto"},"content":{"rendered":"<div class=\"fusion-fullwidth fullwidth-box fusion-builder-row-1 fusion-flex-container has-pattern-background has-mask-background nonhundred-percent-fullwidth non-hundred-percent-height-scrolling\" style=\"--awb-border-radius-top-left:0px;--awb-border-radius-top-right:0px;--awb-border-radius-bottom-right:0px;--awb-border-radius-bottom-left:0px;--awb-flex-wrap:wrap;\" ><div class=\"fusion-builder-row fusion-row fusion-flex-align-items-flex-start fusion-flex-content-wrap\" style=\"max-width:1248px;margin-left: calc(-4% \/ 2 );margin-right: calc(-4% \/ 2 );\"><div class=\"fusion-layout-column fusion_builder_column fusion-builder-column-0 fusion_builder_column_1_1 1_1 fusion-flex-column\" style=\"--awb-bg-size:cover;--awb-width-large:100%;--awb-margin-top-large:0px;--awb-spacing-right-large:1.92%;--awb-margin-bottom-large:20px;--awb-spacing-left-large:1.92%;--awb-width-medium:100%;--awb-order-medium:0;--awb-spacing-right-medium:1.92%;--awb-spacing-left-medium:1.92%;--awb-width-small:100%;--awb-order-small:0;--awb-spacing-right-small:1.92%;--awb-spacing-left-small:1.92%;\"><div class=\"fusion-column-wrapper fusion-column-has-shadow fusion-flex-justify-content-flex-start fusion-content-layout-column\"><div class=\"fusion-title title fusion-title-1 fusion-sep-none fusion-title-center fusion-title-text fusion-title-size-one\"><h1 class=\"fusion-title-heading title-heading-center\" style=\"margin:0;\">Ristorante Stoeger<\/h1><\/div><\/div><\/div><div class=\"fusion-layout-column fusion_builder_column fusion-builder-column-1 fusion_builder_column_1_2 1_2 fusion-flex-column\" style=\"--awb-bg-size:cover;--awb-border-color:var(--awb-color4);--awb-border-style:solid;--awb-width-large:50%;--awb-margin-top-large:0px;--awb-spacing-right-large:3.84%;--awb-margin-bottom-large:20px;--awb-spacing-left-large:3.84%;--awb-width-medium:50%;--awb-order-medium:0;--awb-spacing-right-medium:3.84%;--awb-spacing-left-medium:3.84%;--awb-width-small:100%;--awb-order-small:0;--awb-spacing-right-small:1.92%;--awb-spacing-left-small:1.92%;\"><div class=\"fusion-column-wrapper fusion-column-has-shadow fusion-flex-justify-content-flex-start fusion-content-layout-column\"><div class=\"fusion-title title fusion-title-2 fusion-sep-none fusion-title-text fusion-title-size-three\"><h3 class=\"fusion-title-heading title-heading-left\" style=\"margin:0;\">prenotazione del tavolo<\/h3><\/div><div class=\"fusion-text fusion-text-1\"><p>Saremo lieti di accettare la tua prenotazione tramite il nostro link sottostante <strong>Reservierungskalender an.<\/strong><\/p>\n<p>F\u00fcr Reservierungen am selben Tag auch sehr gerne per Telefon <strong>+43 676 702 56 32<\/strong>\u00a0in contrasto con.<\/p>\n<p>F\u00fcr spezielle Gruppenanfragen gerne \u00fcber unser Email: office@zumstoeger.at oder noch besser \u00fcber den Reservierungskalender.<\/p>\n<\/div><div class=\"fusion-text fusion-text-2\"><p><strong>Reservierungen per Reservierungskalender oder E-Mail gelten erst nach Erhalt einer Best\u00e4tigungsmail.<\/strong><\/p>\n<\/div><iframe\n        src=\"https:\/\/widget.thefork.com\/2f14a77e-04db-4b64-846d-e3c1601da566\"\n        allow=\"payment *\"\n        style=\"width: 100%; min-height:800px; border:none; overflow:scroll;\"\n      ><\/iframe><div class=\"fusion-text fusion-text-3\"><p><strong>PERICOLO:<\/strong> Tieni presente che l&#039;e-mail di conferma potrebbe essere finita nella cartella spam\/posta indesiderata. Se non avete ricevuto risposta da parte nostra, vi preghiamo di contattarci telefonicamente.<\/p>\n<\/div><\/div><\/div><div class=\"fusion-layout-column fusion_builder_column fusion-builder-column-2 fusion_builder_column_1_2 1_2 fusion-flex-column\" style=\"--awb-bg-size:cover;--awb-width-large:50%;--awb-margin-top-large:0px;--awb-spacing-right-large:3.84%;--awb-margin-bottom-large:20px;--awb-spacing-left-large:3.84%;--awb-width-medium:50%;--awb-order-medium:0;--awb-spacing-right-medium:3.84%;--awb-spacing-left-medium:3.84%;--awb-width-small:100%;--awb-order-small:0;--awb-spacing-right-small:1.92%;--awb-spacing-left-small:1.92%;\"><div class=\"fusion-column-wrapper fusion-column-has-shadow fusion-flex-justify-content-flex-start fusion-content-layout-column\"><div class=\"fusion-title title fusion-title-3 fusion-sep-none fusion-title-text fusion-title-size-three\"><h3 class=\"fusion-title-heading title-heading-left\" style=\"margin:0;\">indirizzo<\/h3><\/div><div class=\"fusion-text fusion-text-4\"><p>1050 Vienna, Ramperstorffergasse 63<br \/>\nTelefon: +43 676 702 563 2<br \/>\nE-mail: <a href=\"mailto:office@zumstoeger.at\">ufficio@zumstoeger.at<\/a><\/p>\n<\/div><div class=\"fusion-title title fusion-title-4 fusion-sep-none fusion-title-text fusion-title-size-three\"><h3 class=\"fusion-title-heading title-heading-left\" style=\"margin:0;\">Allgemeine \u00d6ffnungszeiten<\/h3><\/div><div class=\"fusion-text fusion-text-5\"><p>Marted\u00ec \u2013 Sabato: 11:30 \u2013 23:00<br \/>\n(K\u00fcche: 11:30 &#8211; 21:30 &#8211; Freitag &amp; Samstag bis 22:00)<\/p>\n<\/div><div class=\"fusion-title title fusion-title-5 fusion-sep-none fusion-title-text fusion-title-size-three\" style=\"--awb-margin-top:20px;--awb-margin-bottom:10px;\"><h3 class=\"fusion-title-heading title-heading-left\" style=\"margin:0;\">Modalit\u00e0 di pagamento<\/h3><\/div><div class=\"fusion-text fusion-text-6\"><p>Barzahlung, Bankomat, Kreditkarte (VISA, Mastercard), V Pay, Pluxee Karte<\/p>\n<\/div><div class=\"fusion-title title fusion-title-6 fusion-sep-none fusion-title-text fusion-title-size-three\" style=\"--awb-margin-top:20px;--awb-margin-bottom:10px;\"><h3 class=\"fusion-title-heading title-heading-left\" style=\"margin:0;\">Altro servizio<\/h3><\/div><div class=\"fusion-text fusion-text-7\"><p>Siamo felici di aiutarvi con la consulenza e l&#039;organizzazione di matrimoni, compleanni, feste aziendali o di Natale!<\/p>\n<\/div><div class=\"fusion-title title fusion-title-7 fusion-sep-none fusion-title-text fusion-title-size-three\" style=\"--awb-margin-top:20px;--awb-margin-bottom:10px;\"><h3 class=\"fusion-title-heading title-heading-left\" style=\"margin:0;\">Ci troverai qui<\/h3><\/div><div class=\"fusion-text fusion-text-8\"><p>Trasporti pubblici: U4 Pilgramgasse (1 minuto a piedi), 12A, 13A, 14A, 59A<\/p>\n<\/div><iframe style=\"border: 0;\" src=\"https:\/\/www.google.com\/maps\/embed?pb=!1m18!1m12!1m3!1d2659.8438782358953!2d16.3522276122136!3d48.19035947112946!2m3!1f0!2f0!3f0!3m2!1i1024!2i768!4f13.1!3m3!1m2!1s0x476da8286672881f%3A0xb35602cda7e31179!2sRestaurant%20St%C3%B6ger!5e0!3m2!1sde!2sat!4v1710857766211!5m2!1sde!2sat\" width=\"100%\" height=\"600\" allowfullscreen=\"allowfullscreen\"><\/iframe><\/div><\/div><\/div><\/div>","protected":false},"excerpt":{"rendered":"","protected":false},"author":2,"featured_media":0,"parent":0,"menu_order":0,"comment_status":"closed","ping_status":"closed","template":"100-width.php","meta":{"_seopress_robots_primary_cat":"","_seopress_titles_title":"Reservierung, Kontakt, \u00d6ffnungszeiten, Infos","_seopress_titles_desc":"Reservieren Sie Online Ihren Tisch im Restaurant St\u00f6ger.","_seopress_robots_index":"","footnotes":""},"_links":{"self":[{"href":"https:\/\/www.zumstoeger.at\/it\/wp-json\/wp\/v2\/pages\/114"}],"collection":[{"href":"https:\/\/www.zumstoeger.at\/it\/wp-json\/wp\/v2\/pages"}],"about":[{"href":"https:\/\/www.zumstoeger.at\/it\/wp-json\/wp\/v2\/types\/page"}],"author":[{"embeddable":true,"href":"https:\/\/www.zumstoeger.at\/it\/wp-json\/wp\/v2\/users\/2"}],"replies":[{"embeddable":true,"href":"https:\/\/www.zumstoeger.at\/it\/wp-json\/wp\/v2\/comments?post=114"}],"version-history":[{"count":94,"href":"https:\/\/www.zumstoeger.at\/it\/wp-json\/wp\/v2\/pages\/114\/revisions"}],"predecessor-version":[{"id":6375,"href":"https:\/\/www.zumstoeger.at\/it\/wp-json\/wp\/v2\/pages\/114\/revisions\/6375"}],"wp:attachment":[{"href":"https:\/\/www.zumstoeger.at\/it\/wp-json\/wp\/v2\/media?parent=114"}],"curies":[{"name":"wp","href":"https:\/\/api.w.org\/{rel}","templated":true}]}}