{"id":112,"date":"2022-08-04T06:38:41","date_gmt":"2022-08-04T06:38:41","guid":{"rendered":"https:\/\/www.zumstoeger.at\/?page_id=112"},"modified":"2024-12-15T13:46:02","modified_gmt":"2024-12-15T12:46:02","slug":"ueber-uns","status":"publish","type":"page","link":"https:\/\/www.zumstoeger.at\/it\/ueber-uns\/","title":{"rendered":"chi siamo"},"content":{"rendered":"<p><div class=\"fusion-fullwidth fullwidth-box fusion-builder-row-1 fusion-flex-container has-pattern-background has-mask-background nonhundred-percent-fullwidth non-hundred-percent-height-scrolling\" style=\"--awb-border-radius-top-left:0px;--awb-border-radius-top-right:0px;--awb-border-radius-bottom-right:0px;--awb-border-radius-bottom-left:0px;--awb-flex-wrap:wrap;\" ><div class=\"fusion-builder-row fusion-row fusion-flex-align-items-flex-start fusion-flex-content-wrap\" style=\"max-width:1248px;margin-left: calc(-4% \/ 2 );margin-right: calc(-4% \/ 2 );\"><div class=\"fusion-layout-column fusion_builder_column fusion-builder-column-0 fusion_builder_column_1_1 1_1 fusion-flex-column fusion-flex-align-self-center\" style=\"--awb-bg-size:cover;--awb-width-large:100%;--awb-margin-top-large:0px;--awb-spacing-right-large:1.92%;--awb-margin-bottom-large:20px;--awb-spacing-left-large:1.92%;--awb-width-medium:100%;--awb-order-medium:0;--awb-spacing-right-medium:1.92%;--awb-spacing-left-medium:1.92%;--awb-width-small:100%;--awb-order-small:0;--awb-spacing-right-small:1.92%;--awb-spacing-left-small:1.92%;\" data-scroll-devices=\"small-visibility,medium-visibility,large-visibility\"><div class=\"fusion-column-wrapper fusion-column-has-shadow fusion-flex-justify-content-flex-start fusion-content-layout-column\"><div class=\"fusion-title title fusion-title-1 fusion-sep-none fusion-title-center fusion-title-text fusion-title-size-one\"><h1 class=\"fusion-title-heading title-heading-center\" style=\"margin:0;\"><p>Ristorante \u201cZum St\u00f6ger\u201d<br \/>\nLa casa dell&#039;ospitalit\u00e0 viennese<\/p><\/h1><\/div><\/div><\/div><\/div><\/div><div class=\"fusion-fullwidth fullwidth-box fusion-builder-row-2 fusion-flex-container has-pattern-background has-mask-background nonhundred-percent-fullwidth non-hundred-percent-height-scrolling\" style=\"--awb-border-radius-top-left:0px;--awb-border-radius-top-right:0px;--awb-border-radius-bottom-right:0px;--awb-border-radius-bottom-left:0px;--awb-flex-wrap:wrap;\" ><div class=\"fusion-builder-row fusion-row fusion-flex-align-items-flex-start fusion-flex-content-wrap\" style=\"max-width:1248px;margin-left: calc(-4% \/ 2 );margin-right: calc(-4% \/ 2 );\"><div class=\"fusion-layout-column fusion_builder_column fusion-builder-column-1 fusion_builder_column_1_2 1_2 fusion-flex-column\" style=\"--awb-padding-top:20px;--awb-padding-right:20px;--awb-padding-bottom:20px;--awb-padding-left:20px;--awb-bg-size:cover;--awb-border-color:var(--awb-color4);--awb-border-top:2px;--awb-border-right:2px;--awb-border-bottom:2px;--awb-border-left:2px;--awb-border-style:solid;--awb-width-large:50%;--awb-margin-top-large:0px;--awb-spacing-right-large:3.84%;--awb-margin-bottom-large:20px;--awb-spacing-left-large:3.84%;--awb-width-medium:50%;--awb-order-medium:0;--awb-spacing-right-medium:3.84%;--awb-spacing-left-medium:3.84%;--awb-width-small:100%;--awb-order-small:0;--awb-spacing-right-small:1.92%;--awb-spacing-left-small:1.92%;\" data-scroll-devices=\"small-visibility,medium-visibility,large-visibility\"><div class=\"fusion-column-wrapper fusion-column-has-shadow fusion-flex-justify-content-flex-start fusion-content-layout-column\"><div class=\"fusion-image-element\" style=\"--awb-caption-title-font-family:var(--h2_typography-font-family);--awb-caption-title-font-weight:var(--h2_typography-font-weight);--awb-caption-title-font-style:var(--h2_typography-font-style);--awb-caption-title-size:var(--h2_typography-font-size);--awb-caption-title-transform:var(--h2_typography-text-transform);--awb-caption-title-line-height:var(--h2_typography-line-height);--awb-caption-title-letter-spacing:var(--h2_typography-letter-spacing);\"><span class=\"fusion-imageframe imageframe-none imageframe-1 hover-type-none\"><img decoding=\"async\" width=\"747\" height=\"1024\" alt=\"Restaurant St\u00f6ger\" title=\"stanza degli ospiti\" src=\"https:\/\/www.zumstoeger.at\/wp-content\/uploads\/2024\/04\/stoeger14-scaled.jpg\" data-orig-src=\"https:\/\/www.zumstoeger.at\/wp-content\/uploads\/2024\/04\/stoeger14-747x1024.jpg\" class=\"lazyload img-responsive wp-image-3228\" srcset=\"data:image\/svg+xml,%3Csvg%20xmlns%3D%27http%3A%2F%2Fwww.w3.org%2F2000%2Fsvg%27%20width%3D%271868%27%20height%3D%272560%27%20viewBox%3D%270%200%201868%202560%27%3E%3Crect%20width%3D%271868%27%20height%3D%272560%27%20fill-opacity%3D%220%22%2F%3E%3C%2Fsvg%3E\" data-srcset=\"https:\/\/www.zumstoeger.at\/wp-content\/uploads\/2024\/04\/stoeger14-200x274.jpg 200w, https:\/\/www.zumstoeger.at\/wp-content\/uploads\/2024\/04\/stoeger14-400x548.jpg 400w, https:\/\/www.zumstoeger.at\/wp-content\/uploads\/2024\/04\/stoeger14-600x822.jpg 600w, https:\/\/www.zumstoeger.at\/wp-content\/uploads\/2024\/04\/stoeger14-800x1096.jpg 800w, https:\/\/www.zumstoeger.at\/wp-content\/uploads\/2024\/04\/stoeger14-1200x1644.jpg 1200w, https:\/\/www.zumstoeger.at\/wp-content\/uploads\/2024\/04\/stoeger14-scaled.jpg 1868w\" data-sizes=\"auto\" data-orig-sizes=\"(max-width: 640px) 100vw, 600px\" \/><\/span><\/div><\/div><\/div><div class=\"fusion-layout-column fusion_builder_column fusion-builder-column-2 fusion_builder_column_1_2 1_2 fusion-flex-column\" style=\"--awb-bg-size:cover;--awb-width-large:50%;--awb-margin-top-large:0px;--awb-spacing-right-large:3.84%;--awb-margin-bottom-large:20px;--awb-spacing-left-large:3.84%;--awb-width-medium:50%;--awb-order-medium:0;--awb-spacing-right-medium:3.84%;--awb-spacing-left-medium:3.84%;--awb-width-small:100%;--awb-order-small:0;--awb-spacing-right-small:1.92%;--awb-spacing-left-small:1.92%;\"><div class=\"fusion-column-wrapper fusion-column-has-shadow fusion-flex-justify-content-flex-start fusion-content-layout-column\"><div class=\"fusion-text fusion-text-1\"><p>Da oltre 70 anni deliziiamo i palati viziati con prelibatezze viennesi e austriache, nonch\u00e9 specialit\u00e0 stagionali dalla selvaggina agli asparagi, dai funghi al banchetto di aringhe e oca.<\/p>\n<p>Da tre generazioni i classici della cucina vengono reinterpretati e preparati ogni giorno freschi dal mercato nell&#039;accogliente ristorante in Ramperstorffergasse 63, nel quinto distretto di Vienna. Un&#039;ampia selezione di vini, una cucina sempre calda, un men\u00f9 vario per il pranzo (dal marted\u00ec al venerd\u00ec dalle 11:30 alle 14:30) e il nostro bar con giardino garantiscono l&#039;intimit\u00e0.<\/p>\n<p>Il ristorante \u00e8 a conduzione familiare dal 1952. Precedentemente conosciuta come la casa vinicola \u201cZur Gem\u00fctlichkeit\u201d, suo nonno Eduard St\u00f6ger e poi suo figlio Kurt St\u00f6ger la fondarono come una tradizionale locanda viennese sotto il suo nome di famiglia. Dal 2008 la figlia Nina St\u00f6ger ha rilevato questo scettro dal nonno e dal padre con molta dedizione e passione.<\/p>\n<p>Il menu del ristorante St\u00f6ger sembra una dichiarazione d&#039;amore all&#039;Austria. Molte ricette provengono dall&#039;impero austro-ungarico, un&#039;epoca in cui molte influenze culturali hanno avuto un&#039;influenza duratura sulla cucina austriaca. Anche i vari men\u00f9 per il pranzo vengono preparati con molto amore e abilit\u00e0. L&#039;atmosfera accogliente e il calore del personale rendono ogni visita un&#039;esperienza.<\/p>\n<p>N\u00e9 il numeroso pubblico abituale, i numerosi ospiti provenienti da tutto il mondo, n\u00e9 la guida dei ristoranti Falstaff possono sbagliarsi, il ristorante St\u00f6ger \u00e8 un MUST per gli intenditori della vera buona cucina!<\/p>\n<\/div><\/div><\/div><\/div><\/div><div class=\"fusion-fullwidth fullwidth-box fusion-builder-row-3 fusion-flex-container has-pattern-background has-mask-background nonhundred-percent-fullwidth non-hundred-percent-height-scrolling\" style=\"--awb-border-radius-top-left:0px;--awb-border-radius-top-right:0px;--awb-border-radius-bottom-right:0px;--awb-border-radius-bottom-left:0px;--awb-flex-wrap:wrap;\" ><div class=\"fusion-builder-row fusion-row fusion-flex-align-items-flex-start fusion-flex-content-wrap\" style=\"max-width:1248px;margin-left: calc(-4% \/ 2 );margin-right: calc(-4% \/ 2 );\"><div class=\"fusion-layout-column fusion_builder_column fusion-builder-column-3 fusion_builder_column_1_2 1_2 fusion-flex-column\" style=\"--awb-padding-top:20px;--awb-padding-right:20px;--awb-padding-bottom:20px;--awb-padding-left:20px;--awb-bg-size:cover;--awb-border-color:var(--awb-color4);--awb-border-top:2px;--awb-border-right:2px;--awb-border-bottom:2px;--awb-border-left:2px;--awb-border-style:solid;--awb-width-large:50%;--awb-margin-top-large:0px;--awb-spacing-right-large:3.84%;--awb-margin-bottom-large:20px;--awb-spacing-left-large:3.84%;--awb-width-medium:50%;--awb-order-medium:0;--awb-spacing-right-medium:3.84%;--awb-spacing-left-medium:3.84%;--awb-width-small:100%;--awb-order-small:0;--awb-spacing-right-small:1.92%;--awb-spacing-left-small:1.92%;\" data-scroll-devices=\"small-visibility,medium-visibility,large-visibility\"><div class=\"fusion-column-wrapper fusion-column-has-shadow fusion-flex-justify-content-flex-start fusion-content-layout-column\"><div class=\"fusion-image-element\" style=\"--awb-aspect-ratio:3 \/ 2;--awb-caption-title-font-family:var(--h2_typography-font-family);--awb-caption-title-font-weight:var(--h2_typography-font-weight);--awb-caption-title-font-style:var(--h2_typography-font-style);--awb-caption-title-size:var(--h2_typography-font-size);--awb-caption-title-transform:var(--h2_typography-text-transform);--awb-caption-title-line-height:var(--h2_typography-line-height);--awb-caption-title-letter-spacing:var(--h2_typography-letter-spacing);\"><span class=\"fusion-imageframe imageframe-none imageframe-2 hover-type-none has-aspect-ratio\"><img decoding=\"async\" width=\"800\" height=\"557\" alt=\"Restaurant St\u00f6ger historisch\" title=\"image010\" src=\"https:\/\/www.zumstoeger.at\/wp-content\/uploads\/2022\/07\/image010.jpg\" data-orig-src=\"https:\/\/www.zumstoeger.at\/wp-content\/uploads\/2022\/07\/image010.jpg\" class=\"lazyload img-responsive wp-image-19 img-with-aspect-ratio\" data-parent-fit=\"cover\" data-parent-container=\".fusion-image-element\" srcset=\"data:image\/svg+xml,%3Csvg%20xmlns%3D%27http%3A%2F%2Fwww.w3.org%2F2000%2Fsvg%27%20width%3D%27800%27%20height%3D%27557%27%20viewBox%3D%270%200%20800%20557%27%3E%3Crect%20width%3D%27800%27%20height%3D%27557%27%20fill-opacity%3D%220%22%2F%3E%3C%2Fsvg%3E\" data-srcset=\"https:\/\/www.zumstoeger.at\/wp-content\/uploads\/2022\/07\/image010-200x139.jpg 200w, https:\/\/www.zumstoeger.at\/wp-content\/uploads\/2022\/07\/image010-400x279.jpg 400w, https:\/\/www.zumstoeger.at\/wp-content\/uploads\/2022\/07\/image010-600x418.jpg 600w, https:\/\/www.zumstoeger.at\/wp-content\/uploads\/2022\/07\/image010.jpg 800w\" data-sizes=\"auto\" data-orig-sizes=\"(max-width: 640px) 100vw, 600px\" \/><\/span><\/div><\/div><\/div><div class=\"fusion-layout-column fusion_builder_column fusion-builder-column-4 fusion_builder_column_1_2 1_2 fusion-flex-column\" style=\"--awb-padding-top:20px;--awb-padding-right:20px;--awb-padding-bottom:20px;--awb-padding-left:20px;--awb-bg-size:cover;--awb-border-color:var(--awb-color4);--awb-border-top:2px;--awb-border-right:2px;--awb-border-bottom:2px;--awb-border-left:2px;--awb-border-style:solid;--awb-width-large:50%;--awb-margin-top-large:0px;--awb-spacing-right-large:3.84%;--awb-margin-bottom-large:20px;--awb-spacing-left-large:3.84%;--awb-width-medium:50%;--awb-order-medium:0;--awb-spacing-right-medium:3.84%;--awb-spacing-left-medium:3.84%;--awb-width-small:100%;--awb-order-small:0;--awb-spacing-right-small:1.92%;--awb-spacing-left-small:1.92%;\" data-scroll-devices=\"small-visibility,medium-visibility,large-visibility\"><div class=\"fusion-column-wrapper fusion-column-has-shadow fusion-flex-justify-content-flex-start fusion-content-layout-column\"><div class=\"fusion-image-element\" style=\"--awb-aspect-ratio:3 \/ 2;--awb-caption-title-font-family:var(--h2_typography-font-family);--awb-caption-title-font-weight:var(--h2_typography-font-weight);--awb-caption-title-font-style:var(--h2_typography-font-style);--awb-caption-title-size:var(--h2_typography-font-size);--awb-caption-title-transform:var(--h2_typography-text-transform);--awb-caption-title-line-height:var(--h2_typography-line-height);--awb-caption-title-letter-spacing:var(--h2_typography-letter-spacing);\"><span class=\"fusion-imageframe imageframe-none imageframe-3 hover-type-none has-aspect-ratio\"><img decoding=\"async\" width=\"300\" height=\"141\" title=\"diapositiva09\" src=\"https:\/\/www.zumstoeger.at\/wp-content\/uploads\/2022\/07\/slide09.jpg\" data-orig-src=\"https:\/\/www.zumstoeger.at\/wp-content\/uploads\/2022\/07\/slide09-300x141.jpg\" class=\"lazyload img-responsive wp-image-33 img-with-aspect-ratio\" data-parent-fit=\"cover\" data-parent-container=\".fusion-image-element\" alt srcset=\"data:image\/svg+xml,%3Csvg%20xmlns%3D%27http%3A%2F%2Fwww.w3.org%2F2000%2Fsvg%27%20width%3D%27640%27%20height%3D%27300%27%20viewBox%3D%270%200%20640%20300%27%3E%3Crect%20width%3D%27640%27%20height%3D%27300%27%20fill-opacity%3D%220%22%2F%3E%3C%2Fsvg%3E\" data-srcset=\"https:\/\/www.zumstoeger.at\/wp-content\/uploads\/2022\/07\/slide09-200x94.jpg 200w, https:\/\/www.zumstoeger.at\/wp-content\/uploads\/2022\/07\/slide09-400x188.jpg 400w, https:\/\/www.zumstoeger.at\/wp-content\/uploads\/2022\/07\/slide09-600x281.jpg 600w, https:\/\/www.zumstoeger.at\/wp-content\/uploads\/2022\/07\/slide09.jpg 640w\" data-sizes=\"auto\" data-orig-sizes=\"(max-width: 640px) 100vw, 600px\" \/><\/span><\/div><\/div><\/div><\/div><\/div><\/p>","protected":false},"excerpt":{"rendered":"","protected":false},"author":2,"featured_media":0,"parent":0,"menu_order":0,"comment_status":"closed","ping_status":"closed","template":"100-width.php","meta":{"_seopress_robots_primary_cat":"","_seopress_titles_title":"\u00dcber uns - Geschichte des Restaurant St\u00f6ger","_seopress_titles_desc":"Seit \u00fcber 70 Jahren erfreuen wir verw\u00f6hnte Gaumen mit Wiener und \u00f6sterreichische Schmankerln, sowie saisonale Spezialit\u00e4ten von Wild \u00fcber Spargel, Schwammerl bis zum Heringsschmaus und Ganserl.","_seopress_robots_index":"","footnotes":""},"_links":{"self":[{"href":"https:\/\/www.zumstoeger.at\/it\/wp-json\/wp\/v2\/pages\/112"}],"collection":[{"href":"https:\/\/www.zumstoeger.at\/it\/wp-json\/wp\/v2\/pages"}],"about":[{"href":"https:\/\/www.zumstoeger.at\/it\/wp-json\/wp\/v2\/types\/page"}],"author":[{"embeddable":true,"href":"https:\/\/www.zumstoeger.at\/it\/wp-json\/wp\/v2\/users\/2"}],"replies":[{"embeddable":true,"href":"https:\/\/www.zumstoeger.at\/it\/wp-json\/wp\/v2\/comments?post=112"}],"version-history":[{"count":22,"href":"https:\/\/www.zumstoeger.at\/it\/wp-json\/wp\/v2\/pages\/112\/revisions"}],"predecessor-version":[{"id":3352,"href":"https:\/\/www.zumstoeger.at\/it\/wp-json\/wp\/v2\/pages\/112\/revisions\/3352"}],"wp:attachment":[{"href":"https:\/\/www.zumstoeger.at\/it\/wp-json\/wp\/v2\/media?parent=112"}],"curies":[{"name":"wp","href":"https:\/\/api.w.org\/{rel}","templated":true}]}}