{"id":4217,"date":"2024-12-15T13:38:03","date_gmt":"2024-12-15T12:38:03","guid":{"rendered":"https:\/\/www.zumstoeger.at\/?page_id=4217"},"modified":"2024-12-15T13:42:15","modified_gmt":"2024-12-15T12:42:15","slug":"news-test","status":"publish","type":"page","link":"https:\/\/www.zumstoeger.at\/fr\/news-test\/","title":{"rendered":"Nouvelles"},"content":{"rendered":"<div class=\"fusion-fullwidth fullwidth-box fusion-builder-row-1 fusion-flex-container has-pattern-background has-mask-background nonhundred-percent-fullwidth non-hundred-percent-height-scrolling\" style=\"--awb-border-radius-top-left:0px;--awb-border-radius-top-right:0px;--awb-border-radius-bottom-right:0px;--awb-border-radius-bottom-left:0px;--awb-flex-wrap:wrap;\" ><div class=\"fusion-builder-row fusion-row fusion-flex-align-items-flex-start fusion-flex-content-wrap\" style=\"max-width:1248px;margin-left: calc(-4% \/ 2 );margin-right: calc(-4% \/ 2 );\"><div class=\"fusion-layout-column fusion_builder_column fusion-builder-column-0 fusion_builder_column_1_1 1_1 fusion-flex-column\" style=\"--awb-bg-size:cover;--awb-width-large:100%;--awb-margin-top-large:0px;--awb-spacing-right-large:1.92%;--awb-margin-bottom-large:20px;--awb-spacing-left-large:1.92%;--awb-width-medium:100%;--awb-order-medium:0;--awb-spacing-right-medium:1.92%;--awb-spacing-left-medium:1.92%;--awb-width-small:100%;--awb-order-small:0;--awb-spacing-right-small:1.92%;--awb-spacing-left-small:1.92%;\"><div class=\"fusion-column-wrapper fusion-column-has-shadow fusion-flex-justify-content-flex-start fusion-content-layout-column\"><div class=\"fusion-blog-shortcode fusion-blog-shortcode-1 fusion-blog-archive fusion-blog-layout-grid-wrapper fusion-blog-pagination\"><style type=\"text\/css\">.fusion-blog-shortcode-1 .fusion-blog-layout-grid .fusion-post-grid{padding:20px;}.fusion-blog-shortcode-1 .fusion-posts-container{margin-left: -20px !important; margin-right:-20px !important;}<\/style><div class=\"fusion-posts-container fusion-posts-container-pagination fusion-blog-layout-grid fusion-blog-layout-grid-3 isotope\" data-pages=\"2\" data-grid-col-space=\"40\" style=\"margin: -20px -20px 0;min-height:500px;\"><article id=\"blog-1-post-1187\" class=\"fusion-post-grid post-1187 post type-post status-publish format-standard has-post-thumbnail hentry category-news\">\n<div class=\"fusion-post-wrapper\" style=\"background-color:rgba(255,255,255,0);border:1px solid var(--awb-color2);border-bottom-width:3px;\">\n\n\t\t\t<div class=\"fusion-flexslider flexslider fusion-flexslider-loading fusion-post-slideshow\" style=\"border-color:var(--awb-color2);\">\n\t\t<ul class=\"slides\">\n\t\t\t\n\t\t\t\t\t\t\t\t\t\t\t\t\t\t<li><div  class=\"fusion-image-wrapper\" aria-haspopup=\"true\">\n\t\t\t\t\t\t\t<a href=\"https:\/\/www.zumstoeger.at\/fr\/jetzt-gibts-unsere-fisch-spezialitaeten\/\" aria-label=\"K\u00fcchenchef Special\">\n\t\t\t\t\t\t\t<img decoding=\"async\" width=\"2369\" height=\"2560\" src=\"https:\/\/www.zumstoeger.at\/wp-content\/uploads\/2023\/01\/Fischfoto-1-scaled.jpg\" class=\"attachment-full size-full lazyload wp-post-image\" alt=\"\" srcset=\"data:image\/svg+xml,%3Csvg%20xmlns%3D%27http%3A%2F%2Fwww.w3.org%2F2000%2Fsvg%27%20width%3D%272369%27%20height%3D%272560%27%20viewBox%3D%270%200%202369%202560%27%3E%3Crect%20width%3D%272369%27%20height%3D%272560%27%20fill-opacity%3D%220%22%2F%3E%3C%2Fsvg%3E\" data-orig-src=\"https:\/\/www.zumstoeger.at\/wp-content\/uploads\/2023\/01\/Fischfoto-1-scaled.jpg\" data-srcset=\"https:\/\/www.zumstoeger.at\/wp-content\/uploads\/2023\/01\/Fischfoto-1-200x216.jpg 200w, https:\/\/www.zumstoeger.at\/wp-content\/uploads\/2023\/01\/Fischfoto-1-400x432.jpg 400w, https:\/\/www.zumstoeger.at\/wp-content\/uploads\/2023\/01\/Fischfoto-1-600x648.jpg 600w, https:\/\/www.zumstoeger.at\/wp-content\/uploads\/2023\/01\/Fischfoto-1-800x864.jpg 800w, https:\/\/www.zumstoeger.at\/wp-content\/uploads\/2023\/01\/Fischfoto-1-1200x1297.jpg 1200w, https:\/\/www.zumstoeger.at\/wp-content\/uploads\/2023\/01\/Fischfoto-1-scaled.jpg 2369w\" data-sizes=\"auto\" \/>\t\t\t<\/a>\n\t\t\t\t\t\t\t<\/div>\n<\/li>\n\t\t\t\n\t\t\t\n\t\t\t\t\t\t\t\t\t\t\t\t\t\t\t\t\t\t\t\t\t\t\t\t\t\t\t\t\t\t\t\t\t\t\t\t\t\t\t\t\t\t\t\t\t\t\t\t\t\t\t\t\t\t\t\t\t\t\t\t\t\t\t\t\t\t\t\t<\/ul>\n\t<\/div>\n\t<div class=\"fusion-post-content-wrapper\" style=\"padding:30px 25px 25px 25px;\"><div class=\"fusion-post-content post-content\"><h2 class=\"blog-shortcode-post-title entry-title\">K\u00fcchenchef Special<\/h2><p class=\"fusion-single-line-meta\"><span class=\"vcard\" style=\"display: none;\"><span class=\"fn\"><a href=\"https:\/\/www.zumstoeger.at\/fr\/author\/stoeger\/\" title=\"Articles de Stoeger\" rel=\"author\">stoeger<\/a><\/span><\/span><span class=\"updated\" style=\"display:none;\">2026-04-30T11:45:13+02:00<\/span><span>mercredi, 25. f\u00e9vrier 2026<\/span><span class=\"fusion-inline-sep\">|<\/span><\/p><div class=\"fusion-content-sep sep-double sep-solid\"><\/div><div class=\"fusion-post-content-container\"><p>Vous pourrez vous attendre \u00e0 des d\u00e9lices de saumon, de poisson-chat, de carpe, de crevettes, de soupe de poisson bretonne ainsi qu&#039;\u00e0 nos classiques viennois et autrichiens !<\/p><\/div><\/div><\/div><div class=\"fusion-clearfix\"><\/div><\/div>\n<\/article>\n<article id=\"blog-1-post-1278\" class=\"fusion-post-grid post-1278 post type-post status-publish format-link has-post-thumbnail hentry category-news post_format-post-format-link\">\n<div class=\"fusion-post-wrapper\" style=\"background-color:rgba(255,255,255,0);border:1px solid var(--awb-color2);border-bottom-width:3px;\">\n\n\t\t\t<div class=\"fusion-flexslider flexslider fusion-flexslider-loading fusion-post-slideshow\" style=\"border-color:var(--awb-color2);\">\n\t\t<ul class=\"slides\">\n\t\t\t\n\t\t\t\t\t\t\t\t\t\t\t\t\t\t<li><div  class=\"fusion-image-wrapper\" aria-haspopup=\"true\">\n\t\t\t\t\t\t\t<a href=\"https:\/\/www.zumstoeger.at\/fr\/heringsschmaus-aschermittwoch-22-02-2026\/\" aria-label=\"Heringsschmaus Special\">\n\t\t\t\t\t\t\t<img decoding=\"async\" width=\"936\" height=\"612\" src=\"https:\/\/www.zumstoeger.at\/wp-content\/uploads\/2023\/01\/Design-ohne-Titel.png\" class=\"attachment-full size-full lazyload wp-post-image\" alt=\"\" srcset=\"data:image\/svg+xml,%3Csvg%20xmlns%3D%27http%3A%2F%2Fwww.w3.org%2F2000%2Fsvg%27%20width%3D%27936%27%20height%3D%27612%27%20viewBox%3D%270%200%20936%20612%27%3E%3Crect%20width%3D%27936%27%20height%3D%27612%27%20fill-opacity%3D%220%22%2F%3E%3C%2Fsvg%3E\" data-orig-src=\"https:\/\/www.zumstoeger.at\/wp-content\/uploads\/2023\/01\/Design-ohne-Titel.png\" data-srcset=\"https:\/\/www.zumstoeger.at\/wp-content\/uploads\/2023\/01\/Design-ohne-Titel-200x131.png 200w, https:\/\/www.zumstoeger.at\/wp-content\/uploads\/2023\/01\/Design-ohne-Titel-400x262.png 400w, https:\/\/www.zumstoeger.at\/wp-content\/uploads\/2023\/01\/Design-ohne-Titel-600x392.png 600w, https:\/\/www.zumstoeger.at\/wp-content\/uploads\/2023\/01\/Design-ohne-Titel-800x523.png 800w, https:\/\/www.zumstoeger.at\/wp-content\/uploads\/2023\/01\/Design-ohne-Titel.png 936w\" data-sizes=\"auto\" \/>\t\t\t<\/a>\n\t\t\t\t\t\t\t<\/div>\n<\/li>\n\t\t\t\n\t\t\t\n\t\t\t\t\t\t\t\t\t\t\t\t\t\t\t\t\t\t\t\t\t\t\t\t\t\t\t\t\t\t\t\t\t\t\t\t\t\t\t\t\t\t\t\t\t\t\t\t\t\t\t\t\t\t\t\t\t\t\t\t\t\t\t\t\t\t\t\t<\/ul>\n\t<\/div>\n\t<div class=\"fusion-post-content-wrapper\" style=\"padding:30px 25px 25px 25px;\"><div class=\"fusion-post-content post-content\"><h2 class=\"blog-shortcode-post-title entry-title\">Heringsschmaus Special<\/h2><p class=\"fusion-single-line-meta\"><span class=\"vcard\" style=\"display: none;\"><span class=\"fn\"><a href=\"https:\/\/www.zumstoeger.at\/fr\/author\/stoeger\/\" title=\"Articles de Stoeger\" rel=\"author\">stoeger<\/a><\/span><\/span><span class=\"updated\" style=\"display:none;\">2026-02-24T13:28:49+01:00<\/span><span>jeudi, 12. f\u00e9vrier 2026<\/span><span class=\"fusion-inline-sep\">|<\/span><\/p><div class=\"fusion-content-sep sep-double sep-solid\"><\/div><div class=\"fusion-post-content-container\"><p>Vom 18.02.26 gibt es unsere Heringsschmaus Special Karte\r\n\r\n\r\n<\/p><\/div><\/div><\/div><div class=\"fusion-clearfix\"><\/div><\/div>\n<\/article>\n<article id=\"blog-1-post-2480\" class=\"fusion-post-grid post-2480 post type-post status-publish format-standard has-post-thumbnail hentry category-news\">\n<div class=\"fusion-post-wrapper\" style=\"background-color:rgba(255,255,255,0);border:1px solid var(--awb-color2);border-bottom-width:3px;\">\n\n\t\t\t<div class=\"fusion-flexslider flexslider fusion-flexslider-loading fusion-post-slideshow\" style=\"border-color:var(--awb-color2);\">\n\t\t<ul class=\"slides\">\n\t\t\t\n\t\t\t\t\t\t\t\t\t\t\t\t\t\t<li><div  class=\"fusion-image-wrapper\" aria-haspopup=\"true\">\n\t\t\t\t\t\t\t<a href=\"https:\/\/www.zumstoeger.at\/fr\/frohe-weihnachten-einen-guten-rutsch-ins-neue-jahr\/\" aria-label=\"Joyeux No\u00ebl et bonne ann\u00e9e !\">\n\t\t\t\t\t\t\t<img decoding=\"async\" width=\"941\" height=\"941\" src=\"https:\/\/www.zumstoeger.at\/wp-content\/uploads\/2025\/11\/Black-Festive-Christmas-Opening-Hours-Instagram-Post-2.pdf.png\" class=\"attachment-full size-full lazyload wp-post-image\" alt=\"\" srcset=\"data:image\/svg+xml,%3Csvg%20xmlns%3D%27http%3A%2F%2Fwww.w3.org%2F2000%2Fsvg%27%20width%3D%27941%27%20height%3D%27941%27%20viewBox%3D%270%200%20941%20941%27%3E%3Crect%20width%3D%27941%27%20height%3D%27941%27%20fill-opacity%3D%220%22%2F%3E%3C%2Fsvg%3E\" data-orig-src=\"https:\/\/www.zumstoeger.at\/wp-content\/uploads\/2025\/11\/Black-Festive-Christmas-Opening-Hours-Instagram-Post-2.pdf.png\" data-srcset=\"https:\/\/www.zumstoeger.at\/wp-content\/uploads\/2025\/11\/Black-Festive-Christmas-Opening-Hours-Instagram-Post-2.pdf-200x200.png 200w, https:\/\/www.zumstoeger.at\/wp-content\/uploads\/2025\/11\/Black-Festive-Christmas-Opening-Hours-Instagram-Post-2.pdf-400x400.png 400w, https:\/\/www.zumstoeger.at\/wp-content\/uploads\/2025\/11\/Black-Festive-Christmas-Opening-Hours-Instagram-Post-2.pdf-600x600.png 600w, https:\/\/www.zumstoeger.at\/wp-content\/uploads\/2025\/11\/Black-Festive-Christmas-Opening-Hours-Instagram-Post-2.pdf-800x800.png 800w, https:\/\/www.zumstoeger.at\/wp-content\/uploads\/2025\/11\/Black-Festive-Christmas-Opening-Hours-Instagram-Post-2.pdf.png 941w\" data-sizes=\"auto\" \/>\t\t\t<\/a>\n\t\t\t\t\t\t\t<\/div>\n<\/li>\n\t\t\t\n\t\t\t\n\t\t\t\t\t\t\t\t\t\t\t\t\t\t\t\t\t\t\t\t\t\t\t\t\t\t\t\t\t\t\t\t\t\t\t\t\t\t\t\t\t\t\t\t\t\t\t\t\t\t\t\t\t\t\t\t\t\t\t\t\t\t\t\t\t\t\t\t<\/ul>\n\t<\/div>\n\t<div class=\"fusion-post-content-wrapper\" style=\"padding:30px 25px 25px 25px;\"><div class=\"fusion-post-content post-content\"><h2 class=\"blog-shortcode-post-title entry-title\">Joyeux No\u00ebl et bonne ann\u00e9e !<\/h2><p class=\"fusion-single-line-meta\"><span class=\"vcard\" style=\"display: none;\"><span class=\"fn\"><a href=\"https:\/\/www.zumstoeger.at\/fr\/author\/stoeger\/\" title=\"Articles de Stoeger\" rel=\"author\">stoeger<\/a><\/span><\/span><span class=\"updated\" style=\"display:none;\">2026-02-12T17:41:49+01:00<\/span><span>jeudi, 25. d\u00e9cembre 2025<\/span><span class=\"fusion-inline-sep\">|<\/span><\/p><div class=\"fusion-content-sep sep-double sep-solid\"><\/div><div class=\"fusion-post-content-container\"><p>Unsere \u00d6ffnungszeiten w\u00e4hrend der Weihnachtsfeiertage!<\/p><\/div><\/div><\/div><div class=\"fusion-clearfix\"><\/div><\/div>\n<\/article>\n<div class=\"fusion-clearfix\"><\/div><\/div><div class=\"pagination clearfix\"><span class=\"current\">1<\/span><a href=\"https:\/\/www.zumstoeger.at\/fr\/wp-json\/wp\/v2\/pages\/4217\/page\/2\/\" class=\"inactive\">2<\/a><a class=\"pagination-next\" rel=\"next\" href=\"https:\/\/www.zumstoeger.at\/fr\/wp-json\/wp\/v2\/pages\/4217\/page\/2\/\"><span class=\"page-text\">Suivant<\/span><span class=\"page-next\"><\/span><\/a><\/div><div class=\"fusion-clearfix\"><\/div><\/div><\/div><\/div><\/div><\/div>","protected":false},"excerpt":{"rendered":"<p>Oui<\/p>","protected":false},"author":2,"featured_media":0,"parent":0,"menu_order":0,"comment_status":"closed","ping_status":"closed","template":"100-width.php","meta":{"_seopress_robots_primary_cat":"","_seopress_titles_title":"Aktuelle Neuigkeiten - News","_seopress_titles_desc":"","_seopress_robots_index":"","footnotes":""},"_links":{"self":[{"href":"https:\/\/www.zumstoeger.at\/fr\/wp-json\/wp\/v2\/pages\/4217"}],"collection":[{"href":"https:\/\/www.zumstoeger.at\/fr\/wp-json\/wp\/v2\/pages"}],"about":[{"href":"https:\/\/www.zumstoeger.at\/fr\/wp-json\/wp\/v2\/types\/page"}],"author":[{"embeddable":true,"href":"https:\/\/www.zumstoeger.at\/fr\/wp-json\/wp\/v2\/users\/2"}],"replies":[{"embeddable":true,"href":"https:\/\/www.zumstoeger.at\/fr\/wp-json\/wp\/v2\/comments?post=4217"}],"version-history":[{"count":8,"href":"https:\/\/www.zumstoeger.at\/fr\/wp-json\/wp\/v2\/pages\/4217\/revisions"}],"predecessor-version":[{"id":4229,"href":"https:\/\/www.zumstoeger.at\/fr\/wp-json\/wp\/v2\/pages\/4217\/revisions\/4229"}],"wp:attachment":[{"href":"https:\/\/www.zumstoeger.at\/fr\/wp-json\/wp\/v2\/media?parent=4217"}],"curies":[{"name":"wp","href":"https:\/\/api.w.org\/{rel}","templated":true}]}}