{"id":3,"date":"2022-07-06T06:38:55","date_gmt":"2022-07-06T06:38:55","guid":{"rendered":"https:\/\/www.zumstoeger.at\/?page_id=3"},"modified":"2026-01-06T11:01:44","modified_gmt":"2026-01-06T10:01:44","slug":"datenschutz","status":"publish","type":"page","link":"https:\/\/www.zumstoeger.at\/fr\/datenschutz\/","title":{"rendered":"intimit\u00e9"},"content":{"rendered":"<div class=\"fusion-fullwidth fullwidth-box fusion-builder-row-1 fusion-flex-container nonhundred-percent-fullwidth non-hundred-percent-height-scrolling\" style=\"--awb-border-radius-top-left:0px;--awb-border-radius-top-right:0px;--awb-border-radius-bottom-right:0px;--awb-border-radius-bottom-left:0px;--awb-flex-wrap:wrap;\" ><div class=\"fusion-builder-row fusion-row fusion-flex-align-items-flex-start fusion-flex-content-wrap\" style=\"max-width:1248px;margin-left: calc(-4% \/ 2 );margin-right: calc(-4% \/ 2 );\"><div class=\"fusion-layout-column fusion_builder_column fusion-builder-column-0 fusion_builder_column_1_1 1_1 fusion-flex-column\" style=\"--awb-bg-blend:overlay;--awb-bg-size:cover;--awb-width-large:100%;--awb-margin-top-large:0px;--awb-spacing-right-large:1.92%;--awb-margin-bottom-large:0px;--awb-spacing-left-large:1.92%;--awb-width-medium:100%;--awb-spacing-right-medium:1.92%;--awb-spacing-left-medium:1.92%;--awb-width-small:100%;--awb-spacing-right-small:1.92%;--awb-spacing-left-small:1.92%;\"><div class=\"fusion-column-wrapper fusion-flex-justify-content-flex-start fusion-content-layout-column\"><div class=\"fusion-text fusion-text-1\"><h1 style=\"text-align: left;\" align=\"center\"><strong>Protection des donn\u00e9es<\/strong><\/h1>\n<p>Dans la d\u00e9claration de protection des donn\u00e9es suivante, nous vous informons des aspects les plus importants du traitement des donn\u00e9es sur notre site Internet. Nous collectons et traitons les donn\u00e9es personnelles uniquement sur la base des dispositions l\u00e9gales (R\u00e8glement g\u00e9n\u00e9ral sur la protection des donn\u00e9es, loi sur les t\u00e9l\u00e9communications de 2003).<\/p>\n<p>D\u00e8s que vous, en tant qu&#039;utilisateur, acc\u00e9dez ou visitez notre site Internet, votre adresse IP (anonymis\u00e9e), le d\u00e9but, le d\u00e9but et la fin de la session sont enregistr\u00e9s. Ceci est d\u00fb \u00e0 des raisons techniques et repr\u00e9sente donc un int\u00e9r\u00eat l\u00e9gitime au sens de l&#039;article 6, paragraphe 1, lit. f du RGPD.<\/p>\n<h3>Contactez-nous<\/h3>\n<p>Si vous nous contactez, soit via notre formulaire de contact (demande pour des c\u00e9l\u00e9brations, r\u00e9servations de tables, etc.) sur notre site internet, soit par email, les donn\u00e9es que vous nous fournissez seront utilis\u00e9es pour traiter votre demande ou en cas de suivi ult\u00e9rieur. questions enregistr\u00e9es. Vos donn\u00e9es transmises ne seront pas transmises sans votre consentement.<\/p>\n<h3>biscuits<\/h3>\n<p>Notre site Web utilise ce que l&#039;on appelle des cookies. Il s&#039;agit de petits fichiers texte stock\u00e9s sur votre appareil \u00e0 l&#039;aide du navigateur. Ils ne font aucun mal. Nous utilisons des cookies pour rendre notre offre conviviale. Certains cookies restent stock\u00e9s sur votre appareil jusqu&#039;\u00e0 ce que vous les supprimiez. Ils nous permettent de reconna\u00eetre votre navigateur lors de votre prochaine visite. Si vous ne le souhaitez pas, vous pouvez configurer votre navigateur de mani\u00e8re \u00e0 ce qu&#039;il vous informe de l&#039;installation de cookies et vous ne l&#039;autorisez que dans des cas individuels. Si les cookies sont d\u00e9sactiv\u00e9s, la fonctionnalit\u00e9 de notre site Web peut \u00eatre limit\u00e9e.<\/p>\n<h3>Google Maps<\/h3>\n<p>Notre site Internet utilise les fonctions du service de cartographie Internet \u00ab Google Maps \u00bb. Le prestataire de cette fonction est :<\/p>\n<ul>\n<li>Google Ireland Limited Gordon House, Barrow Street Dublin 4. Irlande. T\u00e9l : +353 1 543 1000<\/li>\n<\/ul>\n<p>Lorsque vous utilisez Google Maps, il est n\u00e9cessaire d&#039;enregistrer et de traiter votre adresse IP. Google transf\u00e8re g\u00e9n\u00e9ralement les donn\u00e9es vers un serveur situ\u00e9 aux \u00c9tats-Unis et les y stocke. Le traitement est effectu\u00e9 par le prestataire de services (mentionn\u00e9 ci-dessus) ; l&#039;exploitant de cette page d&#039;accueil n&#039;a aucune influence sur la transmission des donn\u00e9es.<\/p>\n<p>Le traitement des donn\u00e9es est effectu\u00e9 sur la base des dispositions l\u00e9gales de l&#039;article 96, paragraphe 3 du TKG et de l&#039;article 6, paragraphe 1, lit. f (int\u00e9r\u00eat l\u00e9gitime) du RGPD. L&#039;utilisation de Google Maps augmente la possibilit\u00e9 de trouver les lieux propos\u00e9s sur notre site Internet.<\/p>\n<p>Pour plus d&#039;informations sur Google Maps, veuillez consulter la politique de confidentialit\u00e9 de Google et les conditions d&#039;utilisation de Google aux liens suivants : <a href=\"https:\/\/policies.google.com\/privacy?hl=de\" target=\"_blank\" rel=\"noopener\">https:\/\/policies.google.com\/privacy?hl=de<\/a> et <a href=\"https:\/\/policies.google.com\/terms?hl=de\" target=\"_blank\" rel=\"noopener\">https:\/\/policies.google.com\/terms?hl=de<\/a>.<\/p>\n<h3>Fichiers journaux d&#039;h\u00e9bergement\/serveur externe<\/h3>\n<p>Ce site Web est h\u00e9berg\u00e9 en externe. Les donn\u00e9es personnelles collect\u00e9es sur ce site Internet sont stock\u00e9es sur le(s) serveur(s) du ou des h\u00e9bergeur(s). Cela peut inclure des adresses IP, des demandes de contact, des m\u00e9tadonn\u00e9es et des donn\u00e9es de communication, des donn\u00e9es contractuelles, des coordonn\u00e9es, des noms, l&#039;acc\u00e8s \u00e0 un site Web et d&#039;autres donn\u00e9es g\u00e9n\u00e9r\u00e9es via un site Web.<\/p>\n<p>Ces informations collect\u00e9es ne seront pas trait\u00e9es ni associ\u00e9es \u00e0 des donn\u00e9es personnelles et l&#039;h\u00e9bergeur externe ne traitera vos donn\u00e9es que dans la mesure n\u00e9cessaire pour remplir ses obligations de service et suivre nos instructions concernant ces donn\u00e9es.<\/p>\n<p>Nous utilisons le(s) h\u00e9bergeur(s) suivant(s)\u00a0:<\/p>\n<ul>\n<li>World4You Internet Services GmbH, Hafenstra\u00dfe 35, 4020 Linz<\/li>\n<\/ul>\n<p>L&#039;exploitant du site Internet se r\u00e9serve le droit d&#039;\u00e9valuer ou de v\u00e9rifier ces donn\u00e9es si des activit\u00e9s ill\u00e9gales sont constat\u00e9es.<\/p>\n<h3>Cryptage SSL ou TLS<\/h3>\n<p>Ce site utilise le cryptage SSL ou TLS pour des raisons de s\u00e9curit\u00e9 et pour prot\u00e9ger la transmission de contenu confidentiel, tel que les commandes ou les demandes de renseignements que vous nous envoyez en tant qu&#039;op\u00e9rateur du site. Vous pouvez reconna\u00eetre une connexion crypt\u00e9e au fait que la barre d&#039;adresse du navigateur provient de<br \/>\n\u00ab http:\/\/ \u00bb se transforme en \u00ab https:\/\/ \u00bb et le symbole du cadenas dans la ligne de votre navigateur. Si le cryptage SSL ou TLS est activ\u00e9, les donn\u00e9es que vous nous transmettez ne pourront pas \u00eatre lues par des tiers.<\/p>\n<h3>Objection aux e-mails publicitaires<\/h3>\n<p>L&#039;utilisation des coordonn\u00e9es publi\u00e9es dans le cadre de l&#039;obligation de mentions l\u00e9gales pour l&#039;envoi de mat\u00e9riel publicitaire et d&#039;information non sollicit\u00e9 est interdite. Les exploitants des pages se r\u00e9servent express\u00e9ment le droit d&#039;engager des poursuites judiciaires en cas d&#039;envoi d&#039;informations publicitaires non sollicit\u00e9es, telles que des spams.<\/p>\n<h3>Bulletin<\/h3>\n<p>Vous avez la possibilit\u00e9 de vous abonner \u00e0 notre newsletter via notre site Internet. Pour cela, nous avons besoin de votre adresse e-mail et de votre d\u00e9claration selon laquelle vous acceptez de recevoir la newsletter.<\/p>\n<p>Si vous profitez de la possibilit\u00e9 de vous abonner \u00e0 notre newsletter, votre adresse e-mail et votre consentement\/d\u00e9claration de consentement pour recevoir la newsletter seront n\u00e9cessaires. Suite \u00e0 votre inscription \u00e0 notre newsletter, vous recevrez un e-mail de confirmation de notre part avec un lien pour confirmer votre inscription. La r\u00e9siliation de l&#039;abonnement est possible \u00e0 tout moment. Veuillez envoyer l&#039;annulation \u00e0 notre adresse e-mail, en indiquant l&#039;adresse e-mail avec laquelle vous vous \u00eates inscrit \u00e0 la newsletter : <a href=\"mailto:webmaster@zumstoeger.at?subject=Newsletter-Abmeldung\">webmaster@zumstoeger.at<\/a>.<\/p>\n<p>En cas d&#039;annulation, nous supprimerons imm\u00e9diatement vos donn\u00e9es li\u00e9es \u00e0 l&#039;envoi de la newsletter. La l\u00e9galit\u00e9 du traitement des donn\u00e9es effectu\u00e9 jusqu&#039;\u00e0 sa r\u00e9vocation, qui reposait sur le consentement, n&#039;est pas affect\u00e9e.<\/p>\n<h3>Google\u00a0reCAPTCHA<\/h3>\n<p>Nous utilisons \u00ab Google reCAPTCHA \u00bb (ci-apr\u00e8s \u00ab reCAPTCHA \u00bb) sur ce site Web. Le prestataire de cette fonction est :<\/p>\n<ul>\n<li>Google Ireland Limited Gordon House, Barrow Street Dublin 4. Irlande. T\u00e9l : +353 1 543 1000<\/li>\n<\/ul>\n<p>Le but de reCAPTCHA est de v\u00e9rifier si la saisie des donn\u00e9es sur ce site Web (par exemple dans un formulaire de contact) est effectu\u00e9e par un humain ou par un programme automatis\u00e9. Pour ce faire, reCAPTCHA analyse le comportement du visiteur du site Web en fonction de diverses caract\u00e9ristiques. Cette analyse commence automatiquement d\u00e8s que le visiteur du site Web acc\u00e8de au site Web. Pour l&#039;analyse, reCAPTCHA \u00e9value diverses informations (par exemple l&#039;adresse IP, la dur\u00e9e pendant laquelle le visiteur du site Web reste sur le site Web ou les mouvements de souris effectu\u00e9s par l&#039;utilisateur). Les donn\u00e9es collect\u00e9es lors de l&#039;analyse sont transmises \u00e0 Google.<\/p>\n<p>Les analyses reCAPTCHA s&#039;ex\u00e9cutent enti\u00e8rement en arri\u00e8re-plan. Les visiteurs du site Web ne sont pas inform\u00e9s qu&#039;une analyse est en cours. Le<br \/>\nLes op\u00e9rateurs de sites Web ont un int\u00e9r\u00eat l\u00e9gitime \u00e0 prot\u00e9ger leurs offres Web contre l\u2019espionnage automatis\u00e9 abusif et le SPAM.<\/p>\n<p>De plus amples informations sur Google reCAPTCHA peuvent \u00eatre trouv\u00e9es dans la politique de confidentialit\u00e9 de Google et les conditions d&#039;utilisation de Google sous les liens suivants : <a href=\"https:\/\/policies.google.com\/privacy?hl=de\">https:\/\/policies.google.com\/privacy?hl=de<\/a> et <a href=\"https:\/\/policies.google.com\/terms?hl=de\">https:\/\/policies.google.com\/terms?hl=de<\/a>.<\/p>\n<h3>Demandes par email, t\u00e9l\u00e9phone ou fax<\/h3>\n<p>Si vous nous contactez par e-mail, t\u00e9l\u00e9phone ou fax, votre demande, y compris toutes les donn\u00e9es personnelles qui en r\u00e9sultent (nom, demande), seront stock\u00e9es et trait\u00e9es par nos soins dans le but de traiter votre demande. Nous ne transmettrons pas ces donn\u00e9es sans votre consentement.<\/p>\n<h3>Vos droits en tant que personne concern\u00e9e<\/h3>\n<p>En tant que personne concern\u00e9e, vous avez g\u00e9n\u00e9ralement le droit de\u00a0:<\/p>\n<ul>\n<li>Information<\/li>\n<li>Suppression des donn\u00e9es<\/li>\n<li>Correction des donn\u00e9es<\/li>\n<li>Portabilit\u00e9 des donn\u00e9es<\/li>\n<li>R\u00e9vocation et objection au traitement des donn\u00e9es<\/li>\n<li>Limitation<\/li>\n<\/ul>\n<p>Si vous soup\u00e7onnez que des violations de la loi sur la protection des donn\u00e9es ont eu lieu lors du traitement de vos donn\u00e9es, vous avez la possibilit\u00e9 de nous contacter (<a href=\"mailto:office@zumstoeger.at\">office@zumstoeger.at<\/a>) ou de porter plainte aupr\u00e8s de l&#039;autorit\u00e9 de protection des donn\u00e9es.<\/p>\n<h3>Vous pouvez nous joindre en utilisant les coordonn\u00e9es suivantes :<\/h3>\n<p><strong>Webseitenbetreiber und Datenschutzbeauftragter: <\/strong>Wendoe Sun Restaurantbetriebs GmbH<span style=\"color: var(--awb-text-color); font-family: var(--awb-text-font-family); font-size: var(--awb-font-size); font-style: var(--awb-text-font-style); letter-spacing: var(--awb-letter-spacing); text-align: var(--awb-content-alignment); text-transform: var(--awb-text-transform); background-color: var(--awb-bg-color-hover);\"><br \/>\n<\/span><span style=\"color: var(--awb-text-color); font-family: var(--awb-text-font-family); font-size: var(--awb-font-size); font-style: var(--awb-text-font-style); letter-spacing: var(--awb-letter-spacing); text-align: var(--awb-content-alignment); text-transform: var(--awb-text-transform); background-color: var(--awb-bg-color-hover);\"><b>Nom de famille:\u00a0<\/b>Herr Wendoe Sun<br \/>\n<b>T\u00e9l\u00e9phoner:<\/b><\/span><span style=\"color: var(--awb-text-color); font-family: var(--awb-text-font-family); font-size: var(--awb-font-size); font-style: var(--awb-text-font-style); letter-spacing: var(--awb-letter-spacing); text-align: var(--awb-content-alignment); text-transform: var(--awb-text-transform); background-color: var(--awb-bg-color-hover);\"><span style=\"font-weight: var(--awb-text-font-weight);\"> +43 1 544 75 96<\/span><br \/>\n<\/span><strong style=\"color: var(--awb-text-color); font-family: var(--awb-text-font-family); font-size: var(--awb-font-size); font-style: var(--awb-text-font-style); letter-spacing: var(--awb-letter-spacing); text-align: var(--awb-content-alignment); text-transform: var(--awb-text-transform); background-color: var(--awb-bg-color-hover);\">E-mail:<\/strong> <a style=\"font-family: var(--awb-text-font-family); font-size: var(--awb-font-size); font-style: var(--awb-text-font-style); font-weight: var(--awb-text-font-weight); letter-spacing: var(--awb-letter-spacing); text-align: var(--awb-content-alignment); text-transform: var(--awb-text-transform); background-color: var(--awb-bg-color-hover);\" href=\"mailto:office@zumstoeger.at\">office@zumstoeger.at<\/a><\/p>\n<\/div><\/div><\/div><\/div><\/div>","protected":false},"excerpt":{"rendered":"","protected":false},"author":2,"featured_media":0,"parent":0,"menu_order":0,"comment_status":"closed","ping_status":"closed","template":"100-width.php","meta":{"_seopress_robots_primary_cat":"","_seopress_titles_title":"Datenschutzerkl\u00e4rung","_seopress_titles_desc":"","_seopress_robots_index":"","footnotes":""},"_links":{"self":[{"href":"https:\/\/www.zumstoeger.at\/fr\/wp-json\/wp\/v2\/pages\/3"}],"collection":[{"href":"https:\/\/www.zumstoeger.at\/fr\/wp-json\/wp\/v2\/pages"}],"about":[{"href":"https:\/\/www.zumstoeger.at\/fr\/wp-json\/wp\/v2\/types\/page"}],"author":[{"embeddable":true,"href":"https:\/\/www.zumstoeger.at\/fr\/wp-json\/wp\/v2\/users\/2"}],"replies":[{"embeddable":true,"href":"https:\/\/www.zumstoeger.at\/fr\/wp-json\/wp\/v2\/comments?post=3"}],"version-history":[{"count":13,"href":"https:\/\/www.zumstoeger.at\/fr\/wp-json\/wp\/v2\/pages\/3\/revisions"}],"predecessor-version":[{"id":5827,"href":"https:\/\/www.zumstoeger.at\/fr\/wp-json\/wp\/v2\/pages\/3\/revisions\/5827"}],"wp:attachment":[{"href":"https:\/\/www.zumstoeger.at\/fr\/wp-json\/wp\/v2\/media?parent=3"}],"curies":[{"name":"wp","href":"https:\/\/api.w.org\/{rel}","templated":true}]}}