{"id":169,"date":"2022-08-04T13:54:37","date_gmt":"2022-08-04T11:54:37","guid":{"rendered":"https:\/\/www.zumstoeger.at\/?page_id=169"},"modified":"2026-02-11T08:20:20","modified_gmt":"2026-02-11T07:20:20","slug":"impressum","status":"publish","type":"page","link":"https:\/\/www.zumstoeger.at\/fr\/impressum\/","title":{"rendered":"imprimer"},"content":{"rendered":"<div class=\"fusion-fullwidth fullwidth-box fusion-builder-row-1 fusion-flex-container nonhundred-percent-fullwidth non-hundred-percent-height-scrolling\" style=\"--awb-border-radius-top-left:0px;--awb-border-radius-top-right:0px;--awb-border-radius-bottom-right:0px;--awb-border-radius-bottom-left:0px;--awb-flex-wrap:wrap;\" ><div class=\"fusion-builder-row fusion-row fusion-flex-align-items-flex-start fusion-flex-content-wrap\" style=\"max-width:1248px;margin-left: calc(-4% \/ 2 );margin-right: calc(-4% \/ 2 );\"><div class=\"fusion-layout-column fusion_builder_column fusion-builder-column-0 fusion_builder_column_1_1 1_1 fusion-flex-column\" style=\"--awb-bg-size:cover;--awb-width-large:100%;--awb-margin-top-large:0px;--awb-spacing-right-large:1.92%;--awb-margin-bottom-large:0px;--awb-spacing-left-large:1.92%;--awb-width-medium:100%;--awb-spacing-right-medium:1.92%;--awb-spacing-left-medium:1.92%;--awb-width-small:100%;--awb-spacing-right-small:1.92%;--awb-spacing-left-small:1.92%;\"><div class=\"fusion-column-wrapper fusion-flex-justify-content-flex-start fusion-content-layout-column\"><div class=\"fusion-text fusion-text-1\"><h1>imprimer<\/h1>\n<p>Obligation d&#039;information conform\u00e9ment au \u00a75 de la loi sur le commerce \u00e9lectronique, au \u00a714 du code des soci\u00e9t\u00e9s, au \u00a763 des r\u00e9glementations commerciales et \u00e0 l&#039;obligation de divulgation conform\u00e9ment au \u00a725 de la loi sur les m\u00e9dias\u00a0:<\/p>\n<p><strong>Libell\u00e9 de l&#039;entreprise\u00a0:<\/strong> Zum St\u00f6ger GmbH<br \/>\n<strong>Propri\u00e9taire:<\/strong> Herr Wendoe Sun<\/p>\n<p><strong>Objet de la soci\u00e9t\u00e9 :<\/strong> Hospitalit\u00e9 selon \u00a7111 Abs.1 Z.2 GewO 1994<br \/>\n<strong>Mode de fonctionnement:<\/strong> Restaurant<br \/>\n<strong>Num\u00e9ro UID\u00a0:<\/strong> ATU 82631047<br \/>\n<strong>Num\u00e9ro d&#039;entreprise:<\/strong> FN 661292p<br \/>\n<strong>Firmengericht:<\/strong> Handelsgericht Wien<br \/>\n<strong>Quartier g\u00e9n\u00e9ral:<\/strong> 1050 Vienne, Ramperstorffergasse 63<br \/>\n<strong>T\u00e9l\u00e9phoner:<\/strong> +43 676 702 563 2<br \/>\n<strong>E-mail:<\/strong> <a href=\"mailto:office@zumstoeger.at\">office@zumstoeger.at<\/a><\/p>\n<p><strong>Membre de:<\/strong> Gastronomie de groupe sp\u00e9cialiste WKO | <a title=\"Entr\u00e9e WKO\" href=\"https:\/\/firmen.wko.at\/wendoe-sun-restaurantbetriebs-gmbh\/wien\/?firmaid=4ba7e4c5-9329-40f9-9fe0-487608154316&amp;standortid=1&amp;standortname=wien%20%28bundesland%29&amp;suchbegriff=wendoe%20sun%20restaurantbetriebs%20gmbh\" target=\"_blank\" rel=\"noopener\">Entr\u00e9e WKO<\/a><br \/>\n<strong>Autorit\u00e9 selon ECG\u00a0:<\/strong> Bureau de district municipal cinqui\u00e8me arrondissement<br \/>\n<strong>Titre d&#039;emploi:<\/strong> hospitalit\u00e9<br \/>\n<strong>\u00c9tat d&#039;attribution\u00a0:<\/strong> L&#039;Autriche<\/p>\n<p>Informations sur le r\u00e8glement en ligne des litiges\u00a0: les consommateurs ont la possibilit\u00e9 de d\u00e9poser des r\u00e9clamations aupr\u00e8s de la plateforme de r\u00e8glement en ligne des litiges de l&#039;UE\u00a0: <a href=\"https:\/\/ec.europa.eu\/consumers\/odr\/main\/index.cfm?event=main.home.chooseLanguage\" target=\"_blank\" rel=\"noopener\">http:\/\/ec.europa.eu\/odr<\/a>. Vous pouvez \u00e9galement envoyer toute r\u00e9clamation \u00e0 l&#039;adresse e-mail indiqu\u00e9e ci-dessus.<\/p>\n<h3>Cr\u00e9dit photo<\/h3>\n<p>Christian Jobst, Alois Hahnenkamp, Nina St\u00f6ger, #hashtagfeedback, canva.com<\/p>\n<h3>Droits d&#039;auteur et clause de non-responsabilit\u00e9<\/h3>\n<p>Le contenu publi\u00e9 sur zumstoeger.at est prot\u00e9g\u00e9 par le droit d&#039;auteur. Les traductions, les r\u00e9impressions, les duplications et le stockage dans des syst\u00e8mes de traitement de donn\u00e9es ne sont autoris\u00e9s qu&#039;avec l&#039;autorisation expresse de l&#039;exploitant et avec r\u00e9f\u00e9rence \u00e0 la source.<\/p>\n<p>Toutes les publications sont faites sans tenir compte d&#039;aucune protection par brevet, et les noms commerciaux sont utilis\u00e9s sans garantie de libre utilisation.<\/p>\n<p>Aucune responsabilit\u00e9 ne peut \u00eatre accept\u00e9e pour les erreurs de contenu et leurs cons\u00e9quences.<\/p>\n<p>Ce qui suit s&#039;applique \u00e0 tous les liens externes sur cette page d&#039;accueil : Il est express\u00e9ment soulign\u00e9 que zumstoeger.at n&#039;a aucune influence sur la conception et le contenu des pages li\u00e9es. Par cons\u00e9quent, Zumstoeger.at se distancie express\u00e9ment de tous les contenus de toutes les pages externes sur l&#039;ensemble de la page d&#039;accueil, y compris toutes les sous-pages. Cette d\u00e9claration s&#039;applique \u00e0 tous les liens sur zumstoeger.at et \u00e0 tous les contenus des pages vers lesquelles m\u00e8nent les liens.<\/p>\n<\/div><\/div><\/div><\/div><\/div>","protected":false},"excerpt":{"rendered":"","protected":false},"author":2,"featured_media":0,"parent":0,"menu_order":0,"comment_status":"closed","ping_status":"closed","template":"","meta":{"_seopress_robots_primary_cat":"","_seopress_titles_title":"Impressum","_seopress_titles_desc":"","_seopress_robots_index":"","footnotes":""},"_links":{"self":[{"href":"https:\/\/www.zumstoeger.at\/fr\/wp-json\/wp\/v2\/pages\/169"}],"collection":[{"href":"https:\/\/www.zumstoeger.at\/fr\/wp-json\/wp\/v2\/pages"}],"about":[{"href":"https:\/\/www.zumstoeger.at\/fr\/wp-json\/wp\/v2\/types\/page"}],"author":[{"embeddable":true,"href":"https:\/\/www.zumstoeger.at\/fr\/wp-json\/wp\/v2\/users\/2"}],"replies":[{"embeddable":true,"href":"https:\/\/www.zumstoeger.at\/fr\/wp-json\/wp\/v2\/comments?post=169"}],"version-history":[{"count":13,"href":"https:\/\/www.zumstoeger.at\/fr\/wp-json\/wp\/v2\/pages\/169\/revisions"}],"predecessor-version":[{"id":5944,"href":"https:\/\/www.zumstoeger.at\/fr\/wp-json\/wp\/v2\/pages\/169\/revisions\/5944"}],"wp:attachment":[{"href":"https:\/\/www.zumstoeger.at\/fr\/wp-json\/wp\/v2\/media?parent=169"}],"curies":[{"name":"wp","href":"https:\/\/api.w.org\/{rel}","templated":true}]}}