{"id":3,"date":"2022-07-06T06:38:55","date_gmt":"2022-07-06T06:38:55","guid":{"rendered":"https:\/\/www.zumstoeger.at\/?page_id=3"},"modified":"2026-01-06T11:01:44","modified_gmt":"2026-01-06T10:01:44","slug":"datenschutz","status":"publish","type":"page","link":"https:\/\/www.zumstoeger.at\/es\/datenschutz\/","title":{"rendered":"privacidad"},"content":{"rendered":"<div class=\"fusion-fullwidth fullwidth-box fusion-builder-row-1 fusion-flex-container nonhundred-percent-fullwidth non-hundred-percent-height-scrolling\" style=\"--awb-border-radius-top-left:0px;--awb-border-radius-top-right:0px;--awb-border-radius-bottom-right:0px;--awb-border-radius-bottom-left:0px;--awb-flex-wrap:wrap;\" ><div class=\"fusion-builder-row fusion-row fusion-flex-align-items-flex-start fusion-flex-content-wrap\" style=\"max-width:1248px;margin-left: calc(-4% \/ 2 );margin-right: calc(-4% \/ 2 );\"><div class=\"fusion-layout-column fusion_builder_column fusion-builder-column-0 fusion_builder_column_1_1 1_1 fusion-flex-column\" style=\"--awb-bg-blend:overlay;--awb-bg-size:cover;--awb-width-large:100%;--awb-margin-top-large:0px;--awb-spacing-right-large:1.92%;--awb-margin-bottom-large:0px;--awb-spacing-left-large:1.92%;--awb-width-medium:100%;--awb-spacing-right-medium:1.92%;--awb-spacing-left-medium:1.92%;--awb-width-small:100%;--awb-spacing-right-small:1.92%;--awb-spacing-left-small:1.92%;\"><div class=\"fusion-column-wrapper fusion-flex-justify-content-flex-start fusion-content-layout-column\"><div class=\"fusion-text fusion-text-1\"><h1 style=\"text-align: left;\" align=\"center\"><strong>Protecci\u00f3n de Datos<\/strong><\/h1>\n<p>En la siguiente declaraci\u00f3n de protecci\u00f3n de datos le informamos sobre los aspectos m\u00e1s importantes del procesamiento de datos en nuestro sitio web. Recopilamos y procesamos datos personales \u00fanicamente sobre la base de disposiciones legales (Reglamento General de Protecci\u00f3n de Datos, Ley de Telecomunicaciones de 2003).<\/p>\n<p>En el momento en que usted como usuario accede o visita nuestro sitio web, se registra su direcci\u00f3n IP (anonimizada), inicio e inicio y fin de la sesi\u00f3n. Esto se debe a razones t\u00e9cnicas y, por lo tanto, representa un inter\u00e9s leg\u00edtimo en el sentido del art\u00edculo 6, apartado 1, letra f del RGPD.<\/p>\n<h3>Cont\u00e1ctenos<\/h3>\n<p>Si contacta con nosotros, ya sea a trav\u00e9s de nuestro formulario de contacto (consulta para celebraciones, reserva de mesa, etc.) de nuestra p\u00e1gina web, o por correo electr\u00f3nico, los datos que nos proporcione se utilizar\u00e1n para procesar su solicitud o en caso de seguimiento posterior. preguntas guardadas. Sus datos transmitidos no se transmitir\u00e1n sin su consentimiento.<\/p>\n<h3>galletas<\/h3>\n<p>Nuestro sitio web utiliza las llamadas cookies. Estos son peque\u00f1os archivos de texto que se almacenan en su dispositivo mediante el navegador. No hacen ning\u00fan da\u00f1o. Utilizamos cookies para que nuestra oferta sea f\u00e1cil de usar. Algunas cookies permanecen almacenadas en su dispositivo hasta que las elimine. Nos permiten reconocer su navegador la pr\u00f3xima vez que lo visite. Si no lo desea, puede configurar su navegador para que le informe sobre la configuraci\u00f3n de cookies y s\u00f3lo lo permita en casos individuales. Si se desactivan las cookies, la funcionalidad de nuestro sitio web puede verse restringida.<\/p>\n<h3>mapas de Google<\/h3>\n<p>Nuestro sitio web utiliza funciones del servicio de mapas web &quot;Google Maps&quot;. El proveedor de servicios de esta funci\u00f3n es:<\/p>\n<ul>\n<li>Google Ireland Limited Gordon House, Barrow Street Dubl\u00edn 4. Irlanda. Tel\u00e9fono: +353 1 543 1000<\/li>\n<\/ul>\n<p>Al utilizar Google Maps, es necesario guardar y procesar su direcci\u00f3n IP. Google suele transferir datos a un servidor en EE. UU. y los almacena all\u00ed. El procesamiento lo realiza el proveedor de servicios (mencionado anteriormente); el operador de esta p\u00e1gina web no tiene ninguna influencia en la transmisi\u00f3n de los datos.<\/p>\n<p>El procesamiento de datos se lleva a cabo sobre la base de las disposiciones legales del art\u00edculo 96, apartado 3 de la TKG y del art\u00edculo 6, apartado 1, letra f (inter\u00e9s leg\u00edtimo) del RGPD. El uso de Google Maps aumenta la capacidad de encontrar los lugares proporcionados en nuestro sitio web.<\/p>\n<p>Para obtener m\u00e1s informaci\u00f3n sobre Google Maps, consulte la Pol\u00edtica de privacidad de Google y los T\u00e9rminos de uso de Google en los siguientes enlaces: <a href=\"https:\/\/policies.google.com\/privacy?hl=de\" target=\"_blank\" rel=\"noopener\">https:\/\/policies.google.com\/privacy?hl=de<\/a> y <a href=\"https:\/\/policies.google.com\/terms?hl=de\" target=\"_blank\" rel=\"noopener\">https:\/\/policies.google.com\/terms?hl=de<\/a>.<\/p>\n<h3>Archivos de registro de servidor\/alojamiento externo<\/h3>\n<p>Este sitio web est\u00e1 alojado externamente. Los datos personales recopilados en este sitio web se almacenan en los servidores del host. Esto puede incluir direcciones IP, solicitudes de contacto, metadatos y datos de comunicaci\u00f3n, datos de contrato, detalles de contacto, nombres, acceso al sitio web y otros datos generados a trav\u00e9s de un sitio web.<\/p>\n<p>Esta informaci\u00f3n recopilada no ser\u00e1 procesada ni asociada con datos personales y el servidor externo solo procesar\u00e1 sus datos en la medida necesaria para cumplir con sus obligaciones de servicio y seguir nuestras instrucciones con respecto a estos datos.<\/p>\n<p>Utilizamos los siguientes hosts:<\/p>\n<ul>\n<li>World4You Internet Services GmbH, Hafenstra\u00dfe 35, 4020 Linz<\/li>\n<\/ul>\n<p>El operador del sitio web se reserva el derecho de evaluar o comprobar estos datos si tiene conocimiento de actividades ilegales.<\/p>\n<h3>Cifrado SSL o TLS<\/h3>\n<p>Este sitio utiliza cifrado SSL o TLS por razones de seguridad y para proteger la transmisi\u00f3n de contenido confidencial, como pedidos o consultas que usted nos env\u00eda como operador del sitio. Puede reconocer una conexi\u00f3n cifrada por el hecho de que la barra de direcciones del navegador es de<br \/>\n\u201chttp:\/\/\u201d cambia a \u201chttps:\/\/\u201d y el s\u00edmbolo de candado en la l\u00ednea de su navegador. Si el cifrado SSL o TLS est\u00e1 activado, los datos que nos transmite no podr\u00e1n ser le\u00eddos por terceros.<\/p>\n<h3>Objeci\u00f3n a los correos electr\u00f3nicos publicitarios<\/h3>\n<p>Por la presente nos oponemos al uso de los datos de contacto publicados como parte de la obligaci\u00f3n del aviso legal de enviar publicidad y materiales informativos no solicitados. Los operadores de las p\u00e1ginas se reservan expresamente el derecho de emprender acciones legales en caso de env\u00edo de informaci\u00f3n publicitaria no solicitada, como por ejemplo correos electr\u00f3nicos spam.<\/p>\n<h3>Boletin informativo<\/h3>\n<p>Tiene la opci\u00f3n de suscribirse a nuestro bolet\u00edn de noticias a trav\u00e9s de nuestro sitio web. Para ello necesitamos su direcci\u00f3n de correo electr\u00f3nico y su declaraci\u00f3n de que acepta recibir el bolet\u00edn.<\/p>\n<p>Si aprovecha la oportunidad para suscribirse a nuestro bolet\u00edn, se requerir\u00e1 su direcci\u00f3n de correo electr\u00f3nico y su consentimiento\/declaraci\u00f3n de consentimiento para recibir el bolet\u00edn. Como resultado de registrarse en nuestro bolet\u00edn, recibir\u00e1 un correo electr\u00f3nico de confirmaci\u00f3n de nuestra parte con un enlace para confirmar su registro. La cancelaci\u00f3n de la suscripci\u00f3n es posible en cualquier momento. Por favor env\u00ede la cancelaci\u00f3n a nuestra direcci\u00f3n de correo electr\u00f3nico, indicando la direcci\u00f3n de correo electr\u00f3nico con la que se registr\u00f3 en el bolet\u00edn: <a href=\"mailto:webmaster@zumstoeger.at?subject=Newsletter-Abmeldung\">webmaster@zumstoeger.at<\/a>.<\/p>\n<p>En caso de cancelaci\u00f3n, eliminaremos inmediatamente sus datos en relaci\u00f3n con el env\u00edo del bolet\u00edn. La licitud del tratamiento de datos realizado hasta su revocaci\u00f3n, que se bas\u00f3 en el consentimiento, no se ve afectada.<\/p>\n<h3>reCAPTCHA de Google<\/h3>\n<p>Utilizamos \u201cGoogle reCAPTCHA\u201d (en adelante \u201creCAPTCHA\u201d) en este sitio web. El proveedor de servicios de esta funci\u00f3n es:<\/p>\n<ul>\n<li>Google Ireland Limited Gordon House, Barrow Street Dubl\u00edn 4. Irlanda. Tel\u00e9fono: +353 1 543 1000<\/li>\n<\/ul>\n<p>reCAPTCHA tiene como objetivo verificar si la entrada de datos en este sitio web (por ejemplo, en un formulario de contacto) la realiza un humano o un programa automatizado. Para ello, reCAPTCHA analiza el comportamiento del visitante del sitio web en funci\u00f3n de diversas caracter\u00edsticas. Este an\u00e1lisis comienza autom\u00e1ticamente tan pronto como el visitante del sitio web ingresa al sitio web. Para el an\u00e1lisis, reCAPTCHA eval\u00faa diversa informaci\u00f3n (por ejemplo, la direcci\u00f3n IP, el tiempo que el visitante del sitio web permanece en el sitio web o los movimientos del mouse realizados por el usuario). Los datos recopilados durante el an\u00e1lisis se transmiten a Google.<\/p>\n<p>Los an\u00e1lisis de reCAPTCHA se ejecutan completamente en segundo plano. Los visitantes del sitio web no son informados de que se est\u00e1 llevando a cabo un an\u00e1lisis. El<br \/>\nLos operadores de sitios web tienen un inter\u00e9s leg\u00edtimo en proteger sus ofertas web del espionaje automatizado abusivo y del SPAM.<\/p>\n<p>Puede encontrar m\u00e1s informaci\u00f3n sobre Google reCAPTCHA en la Pol\u00edtica de privacidad de Google y los T\u00e9rminos de uso de Google en los siguientes enlaces: <a href=\"https:\/\/policies.google.com\/privacy?hl=de\">https:\/\/policies.google.com\/privacy?hl=de<\/a> y <a href=\"https:\/\/policies.google.com\/terms?hl=de\">https:\/\/policies.google.com\/terms?hl=de<\/a>.<\/p>\n<h3>Consultas por correo electr\u00f3nico, tel\u00e9fono o fax<\/h3>\n<p>Si se comunica con nosotros por correo electr\u00f3nico, tel\u00e9fono o fax, almacenaremos y procesaremos su solicitud, incluidos todos los datos personales resultantes (nombre, solicitud), con el fin de procesar su solicitud. No transmitiremos estos datos sin su consentimiento.<\/p>\n<h3>Tus derechos como interesado<\/h3>\n<p>Como interesado, generalmente tiene derecho a:<\/p>\n<ul>\n<li>Informaci\u00f3n<\/li>\n<li>Eliminaci\u00f3n de datos<\/li>\n<li>Correcci\u00f3n de datos<\/li>\n<li>Portabilidad de datos<\/li>\n<li>Revocaci\u00f3n y oposici\u00f3n al tratamiento de datos<\/li>\n<li>Limitaci\u00f3n<\/li>\n<\/ul>\n<p>Si sospecha que se han producido violaciones de la ley de protecci\u00f3n de datos durante el procesamiento de sus datos, tiene la oportunidad de contactarnos (<a href=\"mailto:office@zumstoeger.at\">office@zumstoeger.at<\/a>) o presentar una reclamaci\u00f3n ante la autoridad de protecci\u00f3n de datos.<\/p>\n<h3>Puede comunicarse con nosotros utilizando los siguientes datos de contacto:<\/h3>\n<p><strong>Webseitenbetreiber und Datenschutzbeauftragter: <\/strong>Wendoe Sun Restaurantbetriebs GmbH<span style=\"color: var(--awb-text-color); font-family: var(--awb-text-font-family); font-size: var(--awb-font-size); font-style: var(--awb-text-font-style); letter-spacing: var(--awb-letter-spacing); text-align: var(--awb-content-alignment); text-transform: var(--awb-text-transform); background-color: var(--awb-bg-color-hover);\"><br \/>\n<\/span><span style=\"color: var(--awb-text-color); font-family: var(--awb-text-font-family); font-size: var(--awb-font-size); font-style: var(--awb-text-font-style); letter-spacing: var(--awb-letter-spacing); text-align: var(--awb-content-alignment); text-transform: var(--awb-text-transform); background-color: var(--awb-bg-color-hover);\"><b>Apellido:\u00a0<\/b>Herr Wendoe Sun<br \/>\n<b>Tel\u00e9fono:<\/b><\/span><span style=\"color: var(--awb-text-color); font-family: var(--awb-text-font-family); font-size: var(--awb-font-size); font-style: var(--awb-text-font-style); letter-spacing: var(--awb-letter-spacing); text-align: var(--awb-content-alignment); text-transform: var(--awb-text-transform); background-color: var(--awb-bg-color-hover);\"><span style=\"font-weight: var(--awb-text-font-weight);\"> +43 1 544 75 96<\/span><br \/>\n<\/span><strong style=\"color: var(--awb-text-color); font-family: var(--awb-text-font-family); font-size: var(--awb-font-size); font-style: var(--awb-text-font-style); letter-spacing: var(--awb-letter-spacing); text-align: var(--awb-content-alignment); text-transform: var(--awb-text-transform); background-color: var(--awb-bg-color-hover);\">Correo electr\u00f3nico:<\/strong> <a style=\"font-family: var(--awb-text-font-family); font-size: var(--awb-font-size); font-style: var(--awb-text-font-style); font-weight: var(--awb-text-font-weight); letter-spacing: var(--awb-letter-spacing); text-align: var(--awb-content-alignment); text-transform: var(--awb-text-transform); background-color: var(--awb-bg-color-hover);\" href=\"mailto:office@zumstoeger.at\">office@zumstoeger.at<\/a><\/p>\n<\/div><\/div><\/div><\/div><\/div>","protected":false},"excerpt":{"rendered":"","protected":false},"author":2,"featured_media":0,"parent":0,"menu_order":0,"comment_status":"closed","ping_status":"closed","template":"100-width.php","meta":{"_seopress_robots_primary_cat":"","_seopress_titles_title":"Datenschutzerkl\u00e4rung","_seopress_titles_desc":"","_seopress_robots_index":"","footnotes":""},"_links":{"self":[{"href":"https:\/\/www.zumstoeger.at\/es\/wp-json\/wp\/v2\/pages\/3"}],"collection":[{"href":"https:\/\/www.zumstoeger.at\/es\/wp-json\/wp\/v2\/pages"}],"about":[{"href":"https:\/\/www.zumstoeger.at\/es\/wp-json\/wp\/v2\/types\/page"}],"author":[{"embeddable":true,"href":"https:\/\/www.zumstoeger.at\/es\/wp-json\/wp\/v2\/users\/2"}],"replies":[{"embeddable":true,"href":"https:\/\/www.zumstoeger.at\/es\/wp-json\/wp\/v2\/comments?post=3"}],"version-history":[{"count":13,"href":"https:\/\/www.zumstoeger.at\/es\/wp-json\/wp\/v2\/pages\/3\/revisions"}],"predecessor-version":[{"id":5827,"href":"https:\/\/www.zumstoeger.at\/es\/wp-json\/wp\/v2\/pages\/3\/revisions\/5827"}],"wp:attachment":[{"href":"https:\/\/www.zumstoeger.at\/es\/wp-json\/wp\/v2\/media?parent=3"}],"curies":[{"name":"wp","href":"https:\/\/api.w.org\/{rel}","templated":true}]}}