{"id":169,"date":"2022-08-04T13:54:37","date_gmt":"2022-08-04T11:54:37","guid":{"rendered":"https:\/\/www.zumstoeger.at\/?page_id=169"},"modified":"2026-02-11T08:20:20","modified_gmt":"2026-02-11T07:20:20","slug":"impressum","status":"publish","type":"page","link":"https:\/\/www.zumstoeger.at\/es\/impressum\/","title":{"rendered":"imprimir"},"content":{"rendered":"<div class=\"fusion-fullwidth fullwidth-box fusion-builder-row-1 fusion-flex-container nonhundred-percent-fullwidth non-hundred-percent-height-scrolling\" style=\"--awb-border-radius-top-left:0px;--awb-border-radius-top-right:0px;--awb-border-radius-bottom-right:0px;--awb-border-radius-bottom-left:0px;--awb-flex-wrap:wrap;\" ><div class=\"fusion-builder-row fusion-row fusion-flex-align-items-flex-start fusion-flex-content-wrap\" style=\"max-width:1248px;margin-left: calc(-4% \/ 2 );margin-right: calc(-4% \/ 2 );\"><div class=\"fusion-layout-column fusion_builder_column fusion-builder-column-0 fusion_builder_column_1_1 1_1 fusion-flex-column\" style=\"--awb-bg-size:cover;--awb-width-large:100%;--awb-margin-top-large:0px;--awb-spacing-right-large:1.92%;--awb-margin-bottom-large:0px;--awb-spacing-left-large:1.92%;--awb-width-medium:100%;--awb-spacing-right-medium:1.92%;--awb-spacing-left-medium:1.92%;--awb-width-small:100%;--awb-spacing-right-small:1.92%;--awb-spacing-left-small:1.92%;\"><div class=\"fusion-column-wrapper fusion-flex-justify-content-flex-start fusion-content-layout-column\"><div class=\"fusion-text fusion-text-1\"><h1>imprimir<\/h1>\n<p>Obligaci\u00f3n de informaci\u00f3n seg\u00fan \u00a75 ley de comercio electr\u00f3nico, \u00a714 c\u00f3digo de empresa, \u00a763 reglamentos comerciales y obligaci\u00f3n de divulgaci\u00f3n seg\u00fan \u00a725 ley de medios:<\/p>\n<p><strong>Redacci\u00f3n de la empresa:<\/strong> Zum St\u00f6ger GmbH<br \/>\n<strong>Due\u00f1o:<\/strong> Herr Wendoe Sun<\/p>\n<p><strong>Objeto de la empresa:<\/strong> Hospitalidad seg\u00fan \u00a7111 Abs. 1 Z.2 GewO 1994<br \/>\n<strong>Modo operativo:<\/strong> Restaurant<br \/>\n<strong>N\u00famero de UID:<\/strong> ATU 82631047<br \/>\n<strong>N\u00famero de registro de la compa\u00f1\u00eda:<\/strong> FN 661292p<br \/>\n<strong>Firmengericht:<\/strong> Handelsgericht Wien<br \/>\n<strong>Sede:<\/strong> 1050 Viena, Ramperstorffergasse 63<br \/>\n<strong>Tel\u00e9fono:<\/strong> +43 676 702 563 2<br \/>\n<strong>Correo electr\u00f3nico:<\/strong> <a href=\"mailto:office@zumstoeger.at\">office@zumstoeger.at<\/a><\/p>\n<p><strong>Miembro de:<\/strong> Grupo de especialistas en gastronom\u00eda de WKO | <a title=\"entrada WKO\" href=\"https:\/\/firmen.wko.at\/wendoe-sun-restaurantbetriebs-gmbh\/wien\/?firmaid=4ba7e4c5-9329-40f9-9fe0-487608154316&amp;standortid=1&amp;standortname=wien%20%28bundesland%29&amp;suchbegriff=wendoe%20sun%20restaurantbetriebs%20gmbh\" target=\"_blank\" rel=\"noopener\">entrada WKO<\/a><br \/>\n<strong>Autoridad seg\u00fan ECG:<\/strong> oficina municipal distrito quinto distrito<br \/>\n<strong>T\u00edtulo profesional:<\/strong> hospitalidad<br \/>\n<strong>Estado de adjudicaci\u00f3n:<\/strong> Austria<\/p>\n<p>Informaci\u00f3n sobre resoluci\u00f3n de disputas en l\u00ednea: Los consumidores tienen la opci\u00f3n de presentar quejas a la plataforma de resoluci\u00f3n de disputas en l\u00ednea de la UE: <a href=\"https:\/\/ec.europa.eu\/consumers\/odr\/main\/index.cfm?event=main.home.chooseLanguage\" target=\"_blank\" rel=\"noopener\">http:\/\/ec.europa.eu\/odr<\/a>. Tambi\u00e9n puede enviar cualquier queja a la direcci\u00f3n de correo electr\u00f3nico indicada anteriormente.<\/p>\n<h3>Cr\u00e9dito de la imagen<\/h3>\n<p>Christian Jobst, Alois Hahnenkamp, Nina St\u00f6ger, #hashtagfeedback, canva.com<\/p>\n<h3>Derechos de autor y descargo de responsabilidad<\/h3>\n<p>El contenido publicado en zumstoeger.at est\u00e1 protegido por derechos de autor. Las traducciones, reimpresiones, duplicados y el almacenamiento en sistemas de procesamiento de datos solo est\u00e1n permitidos con el permiso expreso del operador y con referencia a la fuente.<\/p>\n<p>Todas las publicaciones se realizan sin considerar ninguna protecci\u00f3n de patente, y los nombres comerciales se utilizan sin garant\u00eda de libre uso.<\/p>\n<p>No se puede aceptar ninguna responsabilidad por errores en el contenido y sus consecuencias.<\/p>\n<p>Lo siguiente se aplica a todos los enlaces externos en esta p\u00e1gina de inicio: Se enfatiza expresamente que zumstoeger.at no tiene ninguna influencia sobre el dise\u00f1o y el contenido de las p\u00e1ginas enlazadas. Por lo tanto, Zumstoeger.at se distancia expresamente de todo el contenido de todas las p\u00e1ginas con enlaces externos en toda la p\u00e1gina de inicio, incluidas todas las subp\u00e1ginas. Esta declaraci\u00f3n se aplica a todos los enlaces en zumstoeger.at y a todo el contenido de las p\u00e1ginas a las que conducen los enlaces.<\/p>\n<\/div><\/div><\/div><\/div><\/div>","protected":false},"excerpt":{"rendered":"","protected":false},"author":2,"featured_media":0,"parent":0,"menu_order":0,"comment_status":"closed","ping_status":"closed","template":"","meta":{"_seopress_robots_primary_cat":"","_seopress_titles_title":"Impressum","_seopress_titles_desc":"","_seopress_robots_index":"","footnotes":""},"_links":{"self":[{"href":"https:\/\/www.zumstoeger.at\/es\/wp-json\/wp\/v2\/pages\/169"}],"collection":[{"href":"https:\/\/www.zumstoeger.at\/es\/wp-json\/wp\/v2\/pages"}],"about":[{"href":"https:\/\/www.zumstoeger.at\/es\/wp-json\/wp\/v2\/types\/page"}],"author":[{"embeddable":true,"href":"https:\/\/www.zumstoeger.at\/es\/wp-json\/wp\/v2\/users\/2"}],"replies":[{"embeddable":true,"href":"https:\/\/www.zumstoeger.at\/es\/wp-json\/wp\/v2\/comments?post=169"}],"version-history":[{"count":13,"href":"https:\/\/www.zumstoeger.at\/es\/wp-json\/wp\/v2\/pages\/169\/revisions"}],"predecessor-version":[{"id":5944,"href":"https:\/\/www.zumstoeger.at\/es\/wp-json\/wp\/v2\/pages\/169\/revisions\/5944"}],"wp:attachment":[{"href":"https:\/\/www.zumstoeger.at\/es\/wp-json\/wp\/v2\/media?parent=169"}],"curies":[{"name":"wp","href":"https:\/\/api.w.org\/{rel}","templated":true}]}}